{"id":990,"date":"2026-02-02T17:34:32","date_gmt":"2026-02-02T16:34:32","guid":{"rendered":"https:\/\/www.thurgarden.net\/shop\/?post_type=product&#038;p=990"},"modified":"2026-02-02T17:48:58","modified_gmt":"2026-02-02T16:48:58","slug":"osterlen","status":"publish","type":"product","link":"https:\/\/thurgarden.net\/shop\/produkt\/osterlen\/","title":{"rendered":"\u00d6sterlen"},"content":{"rendered":"","protected":false},"excerpt":{"rendered":"<p>Stj\u00e4rnpelargon.<\/p>\n<p>H\u00e4mtas (efter du har f\u00e5tt bekr\u00e4ftelse p\u00e5 hanterad order) inom 24 timmar.<\/p>\n","protected":false},"featured_media":1010,"template":"","meta":{"_acf_changed":false},"product_brand":[],"product_cat":[47],"product_tag":[],"class_list":{"0":"post-990","1":"product","2":"type-product","3":"status-publish","4":"has-post-thumbnail","6":"product_cat-pelargonsticklingar","8":"first","9":"instock","10":"taxable","11":"shipping-taxable","12":"purchasable","13":"product-type-simple"},"acf":[],"jetpack_sharing_enabled":true,"_links":{"self":[{"href":"https:\/\/thurgarden.net\/shop\/wp-json\/wp\/v2\/product\/990","targetHints":{"allow":["GET"]}}],"collection":[{"href":"https:\/\/thurgarden.net\/shop\/wp-json\/wp\/v2\/product"}],"about":[{"href":"https:\/\/thurgarden.net\/shop\/wp-json\/wp\/v2\/types\/product"}],"wp:featuredmedia":[{"embeddable":true,"href":"https:\/\/thurgarden.net\/shop\/wp-json\/wp\/v2\/media\/1010"}],"wp:attachment":[{"href":"https:\/\/thurgarden.net\/shop\/wp-json\/wp\/v2\/media?parent=990"}],"wp:term":[{"taxonomy":"product_brand","embeddable":true,"href":"https:\/\/thurgarden.net\/shop\/wp-json\/wp\/v2\/product_brand?post=990"},{"taxonomy":"product_cat","embeddable":true,"href":"https:\/\/thurgarden.net\/shop\/wp-json\/wp\/v2\/product_cat?post=990"},{"taxonomy":"product_tag","embeddable":true,"href":"https:\/\/thurgarden.net\/shop\/wp-json\/wp\/v2\/product_tag?post=990"}],"curies":[{"name":"wp","href":"https:\/\/api.w.org\/{rel}","templated":true}]}}