{"id":881,"date":"2026-01-07T16:40:27","date_gmt":"2026-01-07T15:40:27","guid":{"rendered":"https:\/\/www.thurgarden.net\/shop\/?post_type=product&#038;p=881"},"modified":"2026-03-03T17:19:38","modified_gmt":"2026-03-03T16:19:38","slug":"ice-king","status":"publish","type":"product","link":"https:\/\/thurgarden.net\/shop\/produkt\/ice-king\/","title":{"rendered":"Ice King"},"content":{"rendered":"","protected":false},"excerpt":{"rendered":"<p>Stj\u00e4rnnarciss med kr\u00e4mvita kronblad som kr\u00f6ns av en milt gul krona.<\/p>\n<p>H\u00e4mtas (efter du har f\u00e5tt bekr\u00e4ftelse p\u00e5 hanterad order) inom 24 timmar.<\/p>\n","protected":false},"featured_media":855,"template":"","meta":{"_acf_changed":false},"product_brand":[],"product_cat":[18],"product_tag":[45],"class_list":{"0":"post-881","1":"product","2":"type-product","3":"status-publish","4":"has-post-thumbnail","6":"product_cat-varlokar","7":"product_tag-enkelblommande","9":"first","10":"instock","11":"taxable","12":"shipping-taxable","13":"purchasable","14":"product-type-simple"},"acf":[],"jetpack_sharing_enabled":true,"_links":{"self":[{"href":"https:\/\/thurgarden.net\/shop\/wp-json\/wp\/v2\/product\/881","targetHints":{"allow":["GET"]}}],"collection":[{"href":"https:\/\/thurgarden.net\/shop\/wp-json\/wp\/v2\/product"}],"about":[{"href":"https:\/\/thurgarden.net\/shop\/wp-json\/wp\/v2\/types\/product"}],"wp:featuredmedia":[{"embeddable":true,"href":"https:\/\/thurgarden.net\/shop\/wp-json\/wp\/v2\/media\/855"}],"wp:attachment":[{"href":"https:\/\/thurgarden.net\/shop\/wp-json\/wp\/v2\/media?parent=881"}],"wp:term":[{"taxonomy":"product_brand","embeddable":true,"href":"https:\/\/thurgarden.net\/shop\/wp-json\/wp\/v2\/product_brand?post=881"},{"taxonomy":"product_cat","embeddable":true,"href":"https:\/\/thurgarden.net\/shop\/wp-json\/wp\/v2\/product_cat?post=881"},{"taxonomy":"product_tag","embeddable":true,"href":"https:\/\/thurgarden.net\/shop\/wp-json\/wp\/v2\/product_tag?post=881"}],"curies":[{"name":"wp","href":"https:\/\/api.w.org\/{rel}","templated":true}]}}