{"id":876,"date":"2026-01-07T16:28:08","date_gmt":"2026-01-07T15:28:08","guid":{"rendered":"https:\/\/www.thurgarden.net\/shop\/?post_type=product&#038;p=876"},"modified":"2026-03-03T17:23:04","modified_gmt":"2026-03-03T16:23:04","slug":"cum-laude","status":"publish","type":"product","link":"https:\/\/thurgarden.net\/shop\/produkt\/cum-laude\/","title":{"rendered":"Golden Bells"},"content":{"rendered":"","protected":false},"excerpt":{"rendered":"<p><strong>Krinolinnarciss.<\/strong> Som gyllene ballerinakjolar lyser \u2019Golden Bell\u2019 upp i v\u00e5rens sol. En lite annorlunda variant av narcisser men ack s\u00e5 fantastisk. \u2019Golden Bell\u2019 blommar rikligt med solgula blommor och sprider sig g\u00e4rna d\u00e4r den trivs och \u00e4r d\u00e4rf\u00f6r perfekt till f\u00f6rvildning men ocks\u00e5 fin i utekrukan. R\u00e5djurss\u00e4ker och v\u00e4ldoftande.<\/p>\n<p>H\u00e4mtas (efter du har f\u00e5tt bekr\u00e4ftelse p\u00e5 hanterad order) inom 24 timmar.<\/p>\n","protected":false},"featured_media":878,"template":"","meta":{"_acf_changed":false},"product_brand":[],"product_cat":[18],"product_tag":[45],"class_list":{"0":"post-876","1":"product","2":"type-product","3":"status-publish","4":"has-post-thumbnail","6":"product_cat-varlokar","7":"product_tag-enkelblommande","9":"first","10":"instock","11":"taxable","12":"shipping-taxable","13":"purchasable","14":"product-type-simple"},"acf":[],"jetpack_sharing_enabled":true,"_links":{"self":[{"href":"https:\/\/thurgarden.net\/shop\/wp-json\/wp\/v2\/product\/876","targetHints":{"allow":["GET"]}}],"collection":[{"href":"https:\/\/thurgarden.net\/shop\/wp-json\/wp\/v2\/product"}],"about":[{"href":"https:\/\/thurgarden.net\/shop\/wp-json\/wp\/v2\/types\/product"}],"wp:featuredmedia":[{"embeddable":true,"href":"https:\/\/thurgarden.net\/shop\/wp-json\/wp\/v2\/media\/878"}],"wp:attachment":[{"href":"https:\/\/thurgarden.net\/shop\/wp-json\/wp\/v2\/media?parent=876"}],"wp:term":[{"taxonomy":"product_brand","embeddable":true,"href":"https:\/\/thurgarden.net\/shop\/wp-json\/wp\/v2\/product_brand?post=876"},{"taxonomy":"product_cat","embeddable":true,"href":"https:\/\/thurgarden.net\/shop\/wp-json\/wp\/v2\/product_cat?post=876"},{"taxonomy":"product_tag","embeddable":true,"href":"https:\/\/thurgarden.net\/shop\/wp-json\/wp\/v2\/product_tag?post=876"}],"curies":[{"name":"wp","href":"https:\/\/api.w.org\/{rel}","templated":true}]}}