{"id":872,"date":"2026-01-07T16:21:37","date_gmt":"2026-01-07T15:21:37","guid":{"rendered":"https:\/\/www.thurgarden.net\/shop\/?post_type=product&#038;p=872"},"modified":"2026-03-03T17:24:44","modified_gmt":"2026-03-03T16:24:44","slug":"tete-boucle","status":"publish","type":"product","link":"https:\/\/thurgarden.net\/shop\/produkt\/tete-boucle\/","title":{"rendered":"Tete Boucl\u00e9"},"content":{"rendered":"","protected":false},"excerpt":{"rendered":"<p>En s\u00f6t, l\u00e5g och fylld dv\u00e4rgnarciss med ett \u00f6verfl\u00f6d av sm\u00e5 gula blommor tidigt p\u00e5 v\u00e5ren.<\/p>\n<p>H\u00e4mtas (efter du har f\u00e5tt bekr\u00e4ftelse p\u00e5 hanterad order) inom 24 timmar.<\/p>\n","protected":false},"featured_media":861,"template":"","meta":{"_acf_changed":false},"product_brand":[],"product_cat":[18],"product_tag":[45],"class_list":{"0":"post-872","1":"product","2":"type-product","3":"status-publish","4":"has-post-thumbnail","6":"product_cat-varlokar","7":"product_tag-enkelblommande","9":"first","10":"instock","11":"taxable","12":"shipping-taxable","13":"purchasable","14":"product-type-simple"},"acf":[],"jetpack_sharing_enabled":true,"_links":{"self":[{"href":"https:\/\/thurgarden.net\/shop\/wp-json\/wp\/v2\/product\/872","targetHints":{"allow":["GET"]}}],"collection":[{"href":"https:\/\/thurgarden.net\/shop\/wp-json\/wp\/v2\/product"}],"about":[{"href":"https:\/\/thurgarden.net\/shop\/wp-json\/wp\/v2\/types\/product"}],"wp:featuredmedia":[{"embeddable":true,"href":"https:\/\/thurgarden.net\/shop\/wp-json\/wp\/v2\/media\/861"}],"wp:attachment":[{"href":"https:\/\/thurgarden.net\/shop\/wp-json\/wp\/v2\/media?parent=872"}],"wp:term":[{"taxonomy":"product_brand","embeddable":true,"href":"https:\/\/thurgarden.net\/shop\/wp-json\/wp\/v2\/product_brand?post=872"},{"taxonomy":"product_cat","embeddable":true,"href":"https:\/\/thurgarden.net\/shop\/wp-json\/wp\/v2\/product_cat?post=872"},{"taxonomy":"product_tag","embeddable":true,"href":"https:\/\/thurgarden.net\/shop\/wp-json\/wp\/v2\/product_tag?post=872"}],"curies":[{"name":"wp","href":"https:\/\/api.w.org\/{rel}","templated":true}]}}