{"id":850,"date":"2026-01-07T16:08:42","date_gmt":"2026-01-07T15:08:42","guid":{"rendered":"https:\/\/www.thurgarden.net\/shop\/?post_type=product&#038;p=850"},"modified":"2026-01-07T16:11:29","modified_gmt":"2026-01-07T15:11:29","slug":"rococo","status":"publish","type":"product","link":"https:\/\/thurgarden.net\/shop\/produkt\/rococo\/","title":{"rendered":"Rococo"},"content":{"rendered":"","protected":false},"excerpt":{"rendered":"<p>Denna papegojtulpan \u00e4r riktigt m\u00f6rkt r\u00f6d med inslag av purpur och gr\u00f6nt.<\/p>\n<p>H\u00e4mtas (efter du har f\u00e5tt bekr\u00e4ftelse p\u00e5 hanterad order) inom 24 timmar.<\/p>\n","protected":false},"featured_media":851,"template":"","meta":{"_acf_changed":false},"product_brand":[],"product_cat":[17],"product_tag":[45],"class_list":{"0":"post-850","1":"product","2":"type-product","3":"status-publish","4":"has-post-thumbnail","6":"product_cat-tulpaner","7":"product_tag-enkelblommande","9":"first","10":"instock","11":"taxable","12":"shipping-taxable","13":"product-type-simple"},"acf":[],"jetpack_sharing_enabled":true,"_links":{"self":[{"href":"https:\/\/thurgarden.net\/shop\/wp-json\/wp\/v2\/product\/850","targetHints":{"allow":["GET"]}}],"collection":[{"href":"https:\/\/thurgarden.net\/shop\/wp-json\/wp\/v2\/product"}],"about":[{"href":"https:\/\/thurgarden.net\/shop\/wp-json\/wp\/v2\/types\/product"}],"wp:featuredmedia":[{"embeddable":true,"href":"https:\/\/thurgarden.net\/shop\/wp-json\/wp\/v2\/media\/851"}],"wp:attachment":[{"href":"https:\/\/thurgarden.net\/shop\/wp-json\/wp\/v2\/media?parent=850"}],"wp:term":[{"taxonomy":"product_brand","embeddable":true,"href":"https:\/\/thurgarden.net\/shop\/wp-json\/wp\/v2\/product_brand?post=850"},{"taxonomy":"product_cat","embeddable":true,"href":"https:\/\/thurgarden.net\/shop\/wp-json\/wp\/v2\/product_cat?post=850"},{"taxonomy":"product_tag","embeddable":true,"href":"https:\/\/thurgarden.net\/shop\/wp-json\/wp\/v2\/product_tag?post=850"}],"curies":[{"name":"wp","href":"https:\/\/api.w.org\/{rel}","templated":true}]}}