{"id":843,"date":"2026-01-07T15:50:10","date_gmt":"2026-01-07T14:50:10","guid":{"rendered":"https:\/\/www.thurgarden.net\/shop\/?post_type=product&#038;p=843"},"modified":"2026-01-07T15:53:29","modified_gmt":"2026-01-07T14:53:29","slug":"red-dress","status":"publish","type":"product","link":"https:\/\/thurgarden.net\/shop\/produkt\/red-dress\/","title":{"rendered":"Red Dress"},"content":{"rendered":"","protected":false},"excerpt":{"rendered":"<p>Krontulpan, kallas \u00e4ven pussmun-tulpan \ud83d\udc8b\ud83c\udf37<br \/>\nDjupt r\u00f6da enkla blommor med spetsiga kronblad<\/p>\n<p>H\u00e4mtas (efter du har f\u00e5tt bekr\u00e4ftelse p\u00e5 hanterad order) inom 24 timmar.<\/p>\n","protected":false},"featured_media":803,"template":"","meta":{"_acf_changed":false},"product_brand":[],"product_cat":[17],"product_tag":[45],"class_list":{"0":"post-843","1":"product","2":"type-product","3":"status-publish","4":"has-post-thumbnail","6":"product_cat-tulpaner","7":"product_tag-enkelblommande","9":"first","10":"instock","11":"taxable","12":"shipping-taxable","13":"product-type-simple"},"acf":[],"jetpack_sharing_enabled":true,"_links":{"self":[{"href":"https:\/\/thurgarden.net\/shop\/wp-json\/wp\/v2\/product\/843","targetHints":{"allow":["GET"]}}],"collection":[{"href":"https:\/\/thurgarden.net\/shop\/wp-json\/wp\/v2\/product"}],"about":[{"href":"https:\/\/thurgarden.net\/shop\/wp-json\/wp\/v2\/types\/product"}],"wp:featuredmedia":[{"embeddable":true,"href":"https:\/\/thurgarden.net\/shop\/wp-json\/wp\/v2\/media\/803"}],"wp:attachment":[{"href":"https:\/\/thurgarden.net\/shop\/wp-json\/wp\/v2\/media?parent=843"}],"wp:term":[{"taxonomy":"product_brand","embeddable":true,"href":"https:\/\/thurgarden.net\/shop\/wp-json\/wp\/v2\/product_brand?post=843"},{"taxonomy":"product_cat","embeddable":true,"href":"https:\/\/thurgarden.net\/shop\/wp-json\/wp\/v2\/product_cat?post=843"},{"taxonomy":"product_tag","embeddable":true,"href":"https:\/\/thurgarden.net\/shop\/wp-json\/wp\/v2\/product_tag?post=843"}],"curies":[{"name":"wp","href":"https:\/\/api.w.org\/{rel}","templated":true}]}}