{"id":835,"date":"2026-01-07T15:27:54","date_gmt":"2026-01-07T14:27:54","guid":{"rendered":"https:\/\/www.thurgarden.net\/shop\/?post_type=product&#038;p=835"},"modified":"2026-01-07T15:29:38","modified_gmt":"2026-01-07T14:29:38","slug":"icoon","status":"publish","type":"product","link":"https:\/\/thurgarden.net\/shop\/produkt\/icoon\/","title":{"rendered":"Icoon"},"content":{"rendered":"","protected":false},"excerpt":{"rendered":"<p>En h\u00e4rligt fylld tulpan med dubbla kronblad i olika nyanser av r\u00f6tt och orange. Fullt utslagen ser den ut som en riktigt l\u00e4cker pion.<\/p>\n<p>H\u00e4mtas (efter du har f\u00e5tt bekr\u00e4ftelse p\u00e5 hanterad order) inom 24 timmar.<\/p>\n","protected":false},"featured_media":811,"template":"","meta":{"_acf_changed":false},"product_brand":[],"product_cat":[17],"product_tag":[],"class_list":{"0":"post-835","1":"product","2":"type-product","3":"status-publish","4":"has-post-thumbnail","6":"product_cat-tulpaner","8":"first","9":"instock","10":"taxable","11":"shipping-taxable","12":"product-type-simple"},"acf":[],"jetpack_sharing_enabled":true,"_links":{"self":[{"href":"https:\/\/thurgarden.net\/shop\/wp-json\/wp\/v2\/product\/835","targetHints":{"allow":["GET"]}}],"collection":[{"href":"https:\/\/thurgarden.net\/shop\/wp-json\/wp\/v2\/product"}],"about":[{"href":"https:\/\/thurgarden.net\/shop\/wp-json\/wp\/v2\/types\/product"}],"wp:featuredmedia":[{"embeddable":true,"href":"https:\/\/thurgarden.net\/shop\/wp-json\/wp\/v2\/media\/811"}],"wp:attachment":[{"href":"https:\/\/thurgarden.net\/shop\/wp-json\/wp\/v2\/media?parent=835"}],"wp:term":[{"taxonomy":"product_brand","embeddable":true,"href":"https:\/\/thurgarden.net\/shop\/wp-json\/wp\/v2\/product_brand?post=835"},{"taxonomy":"product_cat","embeddable":true,"href":"https:\/\/thurgarden.net\/shop\/wp-json\/wp\/v2\/product_cat?post=835"},{"taxonomy":"product_tag","embeddable":true,"href":"https:\/\/thurgarden.net\/shop\/wp-json\/wp\/v2\/product_tag?post=835"}],"curies":[{"name":"wp","href":"https:\/\/api.w.org\/{rel}","templated":true}]}}