{"id":765,"date":"2026-01-02T19:15:39","date_gmt":"2026-01-02T18:15:39","guid":{"rendered":"https:\/\/www.thurgarden.net\/shop\/?post_type=product&#038;p=765"},"modified":"2026-01-02T19:23:12","modified_gmt":"2026-01-02T18:23:12","slug":"silver-celebration","status":"publish","type":"product","link":"https:\/\/thurgarden.net\/shop\/produkt\/silver-celebration\/","title":{"rendered":"Silver Celebration"},"content":{"rendered":"","protected":false},"excerpt":{"rendered":"<p>Silver Celebration blommar med dubbla till flerdubbla, relativt stora , \u00f6ppna blommor. Kronbladens grundf\u00e4rg \u00e4r renaste vit, f\u00f6r att ut mot kanterna tonas av ljusare till kraftigare rosa f\u00e4rg. F\u00e4rkkombinationen \u00e4r inte s\u00e5 vanlig och tillsammans med kronbladens sammetslyster \u00e4r Silver Celebration l\u00e4tt att k\u00e4nna igen. Det \u00e4r m\u00e5nga blommor i varje klase och tillsammans med de stora blommorna f\u00f6ljer att blomklasarna ocks\u00e5 blir stora.Blomstj\u00e4lkarna \u00e4r stadiga och b\u00e4r v\u00e4l upp de stora blomklasarna ovan bladverket. Bladen \u00e4r ljusgr\u00f6na och saknar tydlig zonering, eller i den m\u00e5n den framtr\u00e4der, v\u00e4ldigt svag. Storleken p\u00e5 bladen \u00e4r mellanstor med svagt \u00f6ppen bladbas.<\/p>\n<p>V\u00e4xts\u00e4ttet \u00e4r kraftigt och uppr\u00e4tt. Silver Celebration utvecklas till mer v\u00e4lf\u00f6rgrenade exemplar om den toppas en eller ett par g\u00e5nger under uppbyggnadsfasen. Uts\u00e5gs till Svenska Pelargons\u00e4llskapets favoritpelargon 2014.<\/p>\n<p>H\u00e4mtas (efter du har f\u00e5tt bekr\u00e4ftelse p\u00e5 hanterad order) inom 24 timmar.<\/p>\n","protected":false},"featured_media":766,"template":"","meta":{"_acf_changed":false},"product_brand":[],"product_cat":[47],"product_tag":[],"class_list":{"0":"post-765","1":"product","2":"type-product","3":"status-publish","4":"has-post-thumbnail","6":"product_cat-pelargonsticklingar","8":"first","9":"instock","10":"taxable","11":"shipping-taxable","12":"purchasable","13":"product-type-simple"},"acf":[],"jetpack_sharing_enabled":true,"_links":{"self":[{"href":"https:\/\/thurgarden.net\/shop\/wp-json\/wp\/v2\/product\/765","targetHints":{"allow":["GET"]}}],"collection":[{"href":"https:\/\/thurgarden.net\/shop\/wp-json\/wp\/v2\/product"}],"about":[{"href":"https:\/\/thurgarden.net\/shop\/wp-json\/wp\/v2\/types\/product"}],"wp:featuredmedia":[{"embeddable":true,"href":"https:\/\/thurgarden.net\/shop\/wp-json\/wp\/v2\/media\/766"}],"wp:attachment":[{"href":"https:\/\/thurgarden.net\/shop\/wp-json\/wp\/v2\/media?parent=765"}],"wp:term":[{"taxonomy":"product_brand","embeddable":true,"href":"https:\/\/thurgarden.net\/shop\/wp-json\/wp\/v2\/product_brand?post=765"},{"taxonomy":"product_cat","embeddable":true,"href":"https:\/\/thurgarden.net\/shop\/wp-json\/wp\/v2\/product_cat?post=765"},{"taxonomy":"product_tag","embeddable":true,"href":"https:\/\/thurgarden.net\/shop\/wp-json\/wp\/v2\/product_tag?post=765"}],"curies":[{"name":"wp","href":"https:\/\/api.w.org\/{rel}","templated":true}]}}