{"id":744,"date":"2026-01-02T18:17:15","date_gmt":"2026-01-02T17:17:15","guid":{"rendered":"https:\/\/www.thurgarden.net\/shop\/?post_type=product&#038;p=744"},"modified":"2026-01-03T20:44:44","modified_gmt":"2026-01-03T19:44:44","slug":"gul-enkelblommande-anglatrumpet","status":"publish","type":"product","link":"https:\/\/thurgarden.net\/shop\/produkt\/gul-enkelblommande-anglatrumpet\/","title":{"rendered":"Gul enkelblommande \u00e4nglatrumpet"},"content":{"rendered":"","protected":false},"excerpt":{"rendered":"<p>Stora, ljust gula, h\u00e4ngande trumpetblommor med behaglig v\u00e4ldoft. Stadiga, snabbv\u00e4xande plantor som odlas b\u00e4st i krukor p\u00e5 varm, skyddad v\u00e4xtplats, g\u00e4rna utomhus p\u00e5 sommaren.<\/p>\n<p>\u00c4nglatrumpet, \u00e4ven k\u00e4nda som Brugmansia, \u00e4r en underbar blommande v\u00e4xt som ger en touch av exotisk elegans till din tr\u00e4dg\u00e5rd. Deras stora och trumpetformade blommor sprider en ljuvlig doft \u00f6ver hela omr\u00e5det.<\/p>\n<p>H\u00e4mtas (efter du har f\u00e5tt bekr\u00e4ftelse p\u00e5 hanterad order) inom 24 timmar.<\/p>\n","protected":false},"featured_media":718,"template":"","meta":{"_acf_changed":false},"product_brand":[],"product_cat":[39],"product_tag":[45],"class_list":{"0":"post-744","1":"product","2":"type-product","3":"status-publish","4":"has-post-thumbnail","6":"product_cat-anglatrumpeter","7":"product_tag-enkelblommande","9":"first","10":"instock","11":"taxable","12":"shipping-taxable","13":"purchasable","14":"product-type-simple"},"acf":[],"jetpack_sharing_enabled":true,"_links":{"self":[{"href":"https:\/\/thurgarden.net\/shop\/wp-json\/wp\/v2\/product\/744","targetHints":{"allow":["GET"]}}],"collection":[{"href":"https:\/\/thurgarden.net\/shop\/wp-json\/wp\/v2\/product"}],"about":[{"href":"https:\/\/thurgarden.net\/shop\/wp-json\/wp\/v2\/types\/product"}],"wp:featuredmedia":[{"embeddable":true,"href":"https:\/\/thurgarden.net\/shop\/wp-json\/wp\/v2\/media\/718"}],"wp:attachment":[{"href":"https:\/\/thurgarden.net\/shop\/wp-json\/wp\/v2\/media?parent=744"}],"wp:term":[{"taxonomy":"product_brand","embeddable":true,"href":"https:\/\/thurgarden.net\/shop\/wp-json\/wp\/v2\/product_brand?post=744"},{"taxonomy":"product_cat","embeddable":true,"href":"https:\/\/thurgarden.net\/shop\/wp-json\/wp\/v2\/product_cat?post=744"},{"taxonomy":"product_tag","embeddable":true,"href":"https:\/\/thurgarden.net\/shop\/wp-json\/wp\/v2\/product_tag?post=744"}],"curies":[{"name":"wp","href":"https:\/\/api.w.org\/{rel}","templated":true}]}}