{"id":566,"date":"2025-11-01T14:04:42","date_gmt":"2025-11-01T13:04:42","guid":{"rendered":"https:\/\/www.thurgarden.net\/shop\/?post_type=product&#038;p=566"},"modified":"2026-01-06T14:59:52","modified_gmt":"2026-01-06T13:59:52","slug":"andes-fire","status":"publish","type":"product","link":"https:\/\/thurgarden.net\/shop\/produkt\/andes-fire\/","title":{"rendered":"Andes Fire"},"content":{"rendered":"","protected":false},"excerpt":{"rendered":"<p>En klassisk m\u00f6rkr\u00f6d amaryllis med stora runda blommor och sammetsvinr\u00f6tt mitt. Producerar minst 3 st\u00e4nglar med 4-5 klockor p\u00e5 varje st\u00e4ngel.<\/p>\n<p>Amaryllis \u00e4r en \u00e4lskad vinterblomma som sprider gl\u00e4dje och ljus i vinterm\u00f6rkret. De finns i klassiskt r\u00f6tt, vitt men \u00e4ven i rosa och andra tv\u00e5f\u00e4rgade varianter.<\/p>\n","protected":false},"featured_media":567,"template":"","meta":{"_acf_changed":false},"product_brand":[],"product_cat":[20],"product_tag":[],"class_list":{"0":"post-566","1":"product","2":"type-product","3":"status-publish","4":"has-post-thumbnail","6":"product_cat-amaryllis","8":"first","9":"outofstock","10":"sold-individually","11":"taxable","12":"shipping-taxable","13":"purchasable","14":"product-type-simple"},"acf":[],"jetpack_sharing_enabled":true,"_links":{"self":[{"href":"https:\/\/thurgarden.net\/shop\/wp-json\/wp\/v2\/product\/566","targetHints":{"allow":["GET"]}}],"collection":[{"href":"https:\/\/thurgarden.net\/shop\/wp-json\/wp\/v2\/product"}],"about":[{"href":"https:\/\/thurgarden.net\/shop\/wp-json\/wp\/v2\/types\/product"}],"wp:featuredmedia":[{"embeddable":true,"href":"https:\/\/thurgarden.net\/shop\/wp-json\/wp\/v2\/media\/567"}],"wp:attachment":[{"href":"https:\/\/thurgarden.net\/shop\/wp-json\/wp\/v2\/media?parent=566"}],"wp:term":[{"taxonomy":"product_brand","embeddable":true,"href":"https:\/\/thurgarden.net\/shop\/wp-json\/wp\/v2\/product_brand?post=566"},{"taxonomy":"product_cat","embeddable":true,"href":"https:\/\/thurgarden.net\/shop\/wp-json\/wp\/v2\/product_cat?post=566"},{"taxonomy":"product_tag","embeddable":true,"href":"https:\/\/thurgarden.net\/shop\/wp-json\/wp\/v2\/product_tag?post=566"}],"curies":[{"name":"wp","href":"https:\/\/api.w.org\/{rel}","templated":true}]}}