{"id":549,"date":"2025-11-01T10:24:52","date_gmt":"2025-11-01T09:24:52","guid":{"rendered":"https:\/\/www.thurgarden.net\/shop\/?post_type=product&#038;p=549"},"modified":"2026-01-06T14:59:52","modified_gmt":"2026-01-06T13:59:52","slug":"cybister-la-paz","status":"publish","type":"product","link":"https:\/\/thurgarden.net\/shop\/produkt\/cybister-la-paz\/","title":{"rendered":"Cybister La Paz"},"content":{"rendered":"","protected":false},"excerpt":{"rendered":"<p>S\u00e4llsynt trevlig amaryllis, som \u00e4r lite uppk\u00e4ftig, lite eldig men samtidigt ytterst behagfull. De \u00f6vre kronbladen \u00e4r korallr\u00f6da, de nedre ljusare, vilket g\u00f6r att man anar en r\u00f6relse i blomman, n\u00e4stan en dans. Mycket sm\u00e4cker och graci\u00f6s. En bonus \u00e4r knoppen, som \u00e4r dramatiskt m\u00f6rk.<\/p>\n<p>Amaryllis \u00e4r en \u00e4lskad vinterblomma som sprider gl\u00e4dje och ljus i vinterm\u00f6rkret. De finns i klassiskt r\u00f6tt, vitt men \u00e4ven i rosa och andra tv\u00e5f\u00e4rgade varianter.<\/p>\n","protected":false},"featured_media":550,"template":"","meta":{"_acf_changed":false},"product_brand":[],"product_cat":[20],"product_tag":[],"class_list":{"0":"post-549","1":"product","2":"type-product","3":"status-publish","4":"has-post-thumbnail","6":"product_cat-amaryllis","8":"first","9":"outofstock","10":"sold-individually","11":"taxable","12":"shipping-taxable","13":"purchasable","14":"product-type-simple"},"acf":[],"jetpack_sharing_enabled":true,"_links":{"self":[{"href":"https:\/\/thurgarden.net\/shop\/wp-json\/wp\/v2\/product\/549","targetHints":{"allow":["GET"]}}],"collection":[{"href":"https:\/\/thurgarden.net\/shop\/wp-json\/wp\/v2\/product"}],"about":[{"href":"https:\/\/thurgarden.net\/shop\/wp-json\/wp\/v2\/types\/product"}],"wp:featuredmedia":[{"embeddable":true,"href":"https:\/\/thurgarden.net\/shop\/wp-json\/wp\/v2\/media\/550"}],"wp:attachment":[{"href":"https:\/\/thurgarden.net\/shop\/wp-json\/wp\/v2\/media?parent=549"}],"wp:term":[{"taxonomy":"product_brand","embeddable":true,"href":"https:\/\/thurgarden.net\/shop\/wp-json\/wp\/v2\/product_brand?post=549"},{"taxonomy":"product_cat","embeddable":true,"href":"https:\/\/thurgarden.net\/shop\/wp-json\/wp\/v2\/product_cat?post=549"},{"taxonomy":"product_tag","embeddable":true,"href":"https:\/\/thurgarden.net\/shop\/wp-json\/wp\/v2\/product_tag?post=549"}],"curies":[{"name":"wp","href":"https:\/\/api.w.org\/{rel}","templated":true}]}}