{"id":537,"date":"2025-11-01T09:58:53","date_gmt":"2025-11-01T08:58:53","guid":{"rendered":"https:\/\/www.thurgarden.net\/shop\/?post_type=product&#038;p=537"},"modified":"2026-01-06T15:11:37","modified_gmt":"2026-01-06T14:11:37","slug":"double-dream","status":"publish","type":"product","link":"https:\/\/thurgarden.net\/shop\/produkt\/double-dream\/","title":{"rendered":"Double Dream"},"content":{"rendered":"","protected":false},"excerpt":{"rendered":"<p>Ett enormt fyrverkeri med stj\u00e4rnformade kronblad i djup rosa med vita toppar och accenter. Denna enorma dubbla amaryllis liknar en vattenlilja och varje robust stj\u00e4lk b\u00e4r flera fantastiska klockor.<\/p>\n<p>Amaryllis \u00e4r en \u00e4lskad vinterblomma som sprider gl\u00e4dje och ljus i vinterm\u00f6rkret. De finns i klassiskt r\u00f6tt, vitt men \u00e4ven i rosa och andra tv\u00e5f\u00e4rgade varianter.<\/p>\n","protected":false},"featured_media":538,"template":"","meta":{"_acf_changed":false},"product_brand":[],"product_cat":[20],"product_tag":[],"class_list":{"0":"post-537","1":"product","2":"type-product","3":"status-publish","4":"has-post-thumbnail","6":"product_cat-amaryllis","8":"first","9":"instock","10":"taxable","11":"shipping-taxable","12":"purchasable","13":"product-type-simple"},"acf":[],"jetpack_sharing_enabled":true,"_links":{"self":[{"href":"https:\/\/thurgarden.net\/shop\/wp-json\/wp\/v2\/product\/537","targetHints":{"allow":["GET"]}}],"collection":[{"href":"https:\/\/thurgarden.net\/shop\/wp-json\/wp\/v2\/product"}],"about":[{"href":"https:\/\/thurgarden.net\/shop\/wp-json\/wp\/v2\/types\/product"}],"wp:featuredmedia":[{"embeddable":true,"href":"https:\/\/thurgarden.net\/shop\/wp-json\/wp\/v2\/media\/538"}],"wp:attachment":[{"href":"https:\/\/thurgarden.net\/shop\/wp-json\/wp\/v2\/media?parent=537"}],"wp:term":[{"taxonomy":"product_brand","embeddable":true,"href":"https:\/\/thurgarden.net\/shop\/wp-json\/wp\/v2\/product_brand?post=537"},{"taxonomy":"product_cat","embeddable":true,"href":"https:\/\/thurgarden.net\/shop\/wp-json\/wp\/v2\/product_cat?post=537"},{"taxonomy":"product_tag","embeddable":true,"href":"https:\/\/thurgarden.net\/shop\/wp-json\/wp\/v2\/product_tag?post=537"}],"curies":[{"name":"wp","href":"https:\/\/api.w.org\/{rel}","templated":true}]}}